{"id":56,"date":"2015-09-22T20:14:47","date_gmt":"2015-09-22T18:14:47","guid":{"rendered":"http:\/\/www.siberien.ch\/sib\/?page_id=56"},"modified":"2017-04-02T18:10:32","modified_gmt":"2017-04-02T16:10:32","slug":"expositions-2","status":"publish","type":"page","link":"https:\/\/sib.tribufufu.net\/index.php\/expositions-2\/","title":{"rendered":"Expositions, Titres et Challenges"},"content":{"rendered":"<p>Pourquoi des Expositions? En participant \u00e0 des expositions, nos chats sont jug\u00e9s par des Juges internationaux et compar\u00e9s \u00e0 d&rsquo;autres chats de la m\u00eame race. Cela permet d&rsquo;\u00eatre sur que nos chats correspondent au standard de la race des Sib\u00e9riens. C&rsquo;est une garantie pour vous et une marque de prestige pour nous. En plus, cela nous permet de rencontrer le \u00ab\u00a0publique\u00a0\u00bb et de faire conna\u00eetre notre race de chats. Pendant ces expos, les chats peuvent recevoir des points qui leur permettent d&rsquo;obtenir des titres de plus en plus \u00e9lev\u00e9s. Pour chaque titre, il faut entre 3 et 4 jugements de juges diff\u00e9rents et \u00e9ventuellement dans des pays diff\u00e9rents pour les titres internationaux.<\/p>\n<h2>Titres:<\/h2>\n<ul>\n<li>CAC = Champion, 3 points<\/li>\n<li>CACIB = Champion International, 3 points, 2 pays<\/li>\n<li>CAGCI = Grand Champion International, 3 points, 2 pays<\/li>\n<li>CACE = Champion d&rsquo;Europe, 3 points, 3 pays<\/li>\n<li>CAGCE = Grand Champion d&rsquo;Europe, 4 points, 4 pays<\/li>\n<li>CACM = Champion du Monde,3 points, 3 pays, uniquement en WCF (World Cat Federation)<\/li>\n<li>BIS = Best in Show = meilleur chat de sa cat\u00e9gorie (male, femelle, neutre, chaton, honneur), nomin\u00e9 veut dire pr\u00e9-selcetionn\u00e9<\/li>\n<li>BIV = Best Vari\u00e9t\u00e9 = meilleur chat de sa race et de sa couleur<\/li>\n<\/ul>\n","protected":false},"excerpt":{"rendered":"<p>Pourquoi des Expositions? En participant \u00e0 des expositions, nos chats sont jug\u00e9s par des Juges internationaux et compar\u00e9s \u00e0 d&rsquo;autres chats de la m\u00eame race. Cela permet d&rsquo;\u00eatre sur que nos chats correspondent au standard de la race des Sib\u00e9riens. &hellip; <a href=\"https:\/\/sib.tribufufu.net\/index.php\/expositions-2\/\">Continue la lecture <span class=\"meta-nav\">&rarr;<\/span><\/a><\/p>\n","protected":false},"author":1,"featured_media":0,"parent":0,"menu_order":0,"comment_status":"closed","ping_status":"closed","template":"","meta":[],"_links":{"self":[{"href":"https:\/\/sib.tribufufu.net\/index.php\/wp-json\/wp\/v2\/pages\/56"}],"collection":[{"href":"https:\/\/sib.tribufufu.net\/index.php\/wp-json\/wp\/v2\/pages"}],"about":[{"href":"https:\/\/sib.tribufufu.net\/index.php\/wp-json\/wp\/v2\/types\/page"}],"author":[{"embeddable":true,"href":"https:\/\/sib.tribufufu.net\/index.php\/wp-json\/wp\/v2\/users\/1"}],"replies":[{"embeddable":true,"href":"https:\/\/sib.tribufufu.net\/index.php\/wp-json\/wp\/v2\/comments?post=56"}],"version-history":[{"count":14,"href":"https:\/\/sib.tribufufu.net\/index.php\/wp-json\/wp\/v2\/pages\/56\/revisions"}],"predecessor-version":[{"id":532,"href":"https:\/\/sib.tribufufu.net\/index.php\/wp-json\/wp\/v2\/pages\/56\/revisions\/532"}],"wp:attachment":[{"href":"https:\/\/sib.tribufufu.net\/index.php\/wp-json\/wp\/v2\/media?parent=56"}],"curies":[{"name":"wp","href":"https:\/\/api.w.org\/{rel}","templated":true}]}}