{"id":523,"date":"2017-04-02T18:07:10","date_gmt":"2017-04-02T16:07:10","guid":{"rendered":"http:\/\/www.siberien.ch\/sib\/?page_id=523"},"modified":"2017-04-02T18:07:10","modified_gmt":"2017-04-02T16:07:10","slug":"challenge-cat-club-de-geneve-2016","status":"publish","type":"page","link":"https:\/\/sib.tribufufu.net\/index.php\/challenge-cat-club-de-geneve-2016\/","title":{"rendered":"Challenge Cat Club de Gen\u00e8ve 2016"},"content":{"rendered":"<h2>Challenge Cat Club de Gen\u00e8ve 2016<\/h2>\n<p>Voici les meilleurs Chats du Club, toutes races confondues. Notre Max est 2i\u00e8me et Babuska 5i\u00e8me! Nous sommes tr\u00e8s fiers de nos chats!<\/p>\n<p><img loading=\"lazy\" class=\"alignnone wp-image-524 size-full\" src=\"http:\/\/www.siberien.ch\/sib\/wp-content\/uploads\/2017\/04\/Best-25.png\" alt=\"\" width=\"1001\" height=\"914\" srcset=\"https:\/\/sib.tribufufu.net\/wp-content\/uploads\/2017\/04\/Best-25.png 1001w, https:\/\/sib.tribufufu.net\/wp-content\/uploads\/2017\/04\/Best-25-300x274.png 300w, https:\/\/sib.tribufufu.net\/wp-content\/uploads\/2017\/04\/Best-25-768x701.png 768w, https:\/\/sib.tribufufu.net\/wp-content\/uploads\/2017\/04\/Best-25-800x730.png 800w\" sizes=\"(max-width: 1001px) 100vw, 1001px\" \/><\/p>\n<p>Max est le Meilleur chat poils Mi-Longs!<\/p>\n<p><img loading=\"lazy\" class=\"alignnone size-full wp-image-527\" src=\"http:\/\/www.siberien.ch\/sib\/wp-content\/uploads\/2017\/04\/Best-of-Best.png\" alt=\"\" width=\"1166\" height=\"618\" srcset=\"https:\/\/sib.tribufufu.net\/wp-content\/uploads\/2017\/04\/Best-of-Best.png 1166w, https:\/\/sib.tribufufu.net\/wp-content\/uploads\/2017\/04\/Best-of-Best-300x159.png 300w, https:\/\/sib.tribufufu.net\/wp-content\/uploads\/2017\/04\/Best-of-Best-768x407.png 768w, https:\/\/sib.tribufufu.net\/wp-content\/uploads\/2017\/04\/Best-of-Best-1024x543.png 1024w, https:\/\/sib.tribufufu.net\/wp-content\/uploads\/2017\/04\/Best-of-Best-800x424.png 800w\" sizes=\"(max-width: 1166px) 100vw, 1166px\" \/><\/p>\n<p>Et pour le premi\u00e8re fois, nous sommes class\u00e9s dans les meilleurs \u00e9levages: 3i\u00e8me place! Incroyable, notre travail donne ses fruits<\/p>\n<p><img loading=\"lazy\" class=\"alignnone size-full wp-image-528\" src=\"http:\/\/www.siberien.ch\/sib\/wp-content\/uploads\/2017\/04\/Best-Elevages.png\" alt=\"\" width=\"988\" height=\"556\" srcset=\"https:\/\/sib.tribufufu.net\/wp-content\/uploads\/2017\/04\/Best-Elevages.png 988w, https:\/\/sib.tribufufu.net\/wp-content\/uploads\/2017\/04\/Best-Elevages-300x169.png 300w, https:\/\/sib.tribufufu.net\/wp-content\/uploads\/2017\/04\/Best-Elevages-768x432.png 768w, https:\/\/sib.tribufufu.net\/wp-content\/uploads\/2017\/04\/Best-Elevages-800x450.png 800w\" sizes=\"(max-width: 988px) 100vw, 988px\" \/><\/p>\n<p>&nbsp;<\/p>\n<p>Et voici les meilleurs Chats Poils mi-longs: Max est de nouveau le meilleur m\u00e2le et Babuska est la meilleure femelle junior !<\/p>\n<p><img loading=\"lazy\" class=\"alignnone wp-image-526 size-full\" src=\"http:\/\/www.siberien.ch\/sib\/wp-content\/uploads\/2017\/04\/Best-Poils-Mi-longs.png\" alt=\"\" width=\"978\" height=\"789\" srcset=\"https:\/\/sib.tribufufu.net\/wp-content\/uploads\/2017\/04\/Best-Poils-Mi-longs.png 978w, https:\/\/sib.tribufufu.net\/wp-content\/uploads\/2017\/04\/Best-Poils-Mi-longs-300x242.png 300w, https:\/\/sib.tribufufu.net\/wp-content\/uploads\/2017\/04\/Best-Poils-Mi-longs-768x620.png 768w, https:\/\/sib.tribufufu.net\/wp-content\/uploads\/2017\/04\/Best-Poils-Mi-longs-800x645.png 800w\" sizes=\"(max-width: 978px) 100vw, 978px\" \/><\/p>\n<p>Et les Meilleurs Chats par Race: Max est de nouveau le meilleur Neva Masquerade!<\/p>\n<p><img loading=\"lazy\" class=\"alignnone wp-image-525 size-full\" src=\"http:\/\/www.siberien.ch\/sib\/wp-content\/uploads\/2017\/04\/Meilleurs-de-race.png\" alt=\"\" width=\"505\" height=\"878\" srcset=\"https:\/\/sib.tribufufu.net\/wp-content\/uploads\/2017\/04\/Meilleurs-de-race.png 505w, https:\/\/sib.tribufufu.net\/wp-content\/uploads\/2017\/04\/Meilleurs-de-race-173x300.png 173w, https:\/\/sib.tribufufu.net\/wp-content\/uploads\/2017\/04\/Meilleurs-de-race-460x800.png 460w\" sizes=\"(max-width: 505px) 100vw, 505px\" \/><\/p>\n","protected":false},"excerpt":{"rendered":"<p>Challenge Cat Club de Gen\u00e8ve 2016 Voici les meilleurs Chats du Club, toutes races confondues. Notre Max est 2i\u00e8me et Babuska 5i\u00e8me! Nous sommes tr\u00e8s fiers de nos chats! Max est le Meilleur chat poils Mi-Longs! Et pour le premi\u00e8re &hellip; <a href=\"https:\/\/sib.tribufufu.net\/index.php\/challenge-cat-club-de-geneve-2016\/\">Continue la lecture <span class=\"meta-nav\">&rarr;<\/span><\/a><\/p>\n","protected":false},"author":3,"featured_media":0,"parent":0,"menu_order":0,"comment_status":"closed","ping_status":"closed","template":"","meta":[],"_links":{"self":[{"href":"https:\/\/sib.tribufufu.net\/index.php\/wp-json\/wp\/v2\/pages\/523"}],"collection":[{"href":"https:\/\/sib.tribufufu.net\/index.php\/wp-json\/wp\/v2\/pages"}],"about":[{"href":"https:\/\/sib.tribufufu.net\/index.php\/wp-json\/wp\/v2\/types\/page"}],"author":[{"embeddable":true,"href":"https:\/\/sib.tribufufu.net\/index.php\/wp-json\/wp\/v2\/users\/3"}],"replies":[{"embeddable":true,"href":"https:\/\/sib.tribufufu.net\/index.php\/wp-json\/wp\/v2\/comments?post=523"}],"version-history":[{"count":1,"href":"https:\/\/sib.tribufufu.net\/index.php\/wp-json\/wp\/v2\/pages\/523\/revisions"}],"predecessor-version":[{"id":530,"href":"https:\/\/sib.tribufufu.net\/index.php\/wp-json\/wp\/v2\/pages\/523\/revisions\/530"}],"wp:attachment":[{"href":"https:\/\/sib.tribufufu.net\/index.php\/wp-json\/wp\/v2\/media?parent=523"}],"curies":[{"name":"wp","href":"https:\/\/api.w.org\/{rel}","templated":true}]}}