{"id":43,"date":"2015-09-21T20:32:26","date_gmt":"2015-09-21T18:32:26","guid":{"rendered":"http:\/\/www.siberien.ch\/sib\/?page_id=43"},"modified":"2018-01-14T21:53:19","modified_gmt":"2018-01-14T20:53:19","slug":"acceuil","status":"publish","type":"page","link":"https:\/\/sib.tribufufu.net\/","title":{"rendered":"Acceuil"},"content":{"rendered":"<p>Bonjour et bienvenue sur le site des chats de <strong>Moonlight Shadow<\/strong>, vous trouverez ici les derni\u00e8res nouvelles de nos chats.<\/p>\n<p>Actuellement nous avons 9 chats Sib\u00e9riens:<\/p>\n<ul>\n<li>Misty, Neva Masquerade, n\u00e9e le 16 avril 2010, Seal Tortie Tabby Point.<\/li>\n<li>Gizmo, Neva Masquerade, n\u00e9 le 16 avril 2010, Seal Tabby Point.<\/li>\n<li>Minuit, Sib\u00e9rienne, n\u00e9e le 27 octobre 2011, Blue.<\/li>\n<li>Max, Neva Masquerade, n\u00e9 le 30 juillet 2012, Seal Silver Tabby Point.<\/li>\n<li>Hope, Neva Masquerade, n\u00e9e le 14 mars 2013, petite russe import\u00e9e de Moscou, Blue Tabby Point.<\/li>\n<li>Itchibi, Neva Masquerade, n\u00e9e le 14 ao\u00fbt 2014, petite russe import\u00e9e de Moscou, Red Point.<\/li>\n<li>Babuska, Neva Masquerade, n\u00e9e le 5 juillet 2015, italienne de Florence, Blue Point<\/li>\n<li>Ja\u00efka de Yarkisland, Sib\u00e9rienne, n\u00e9e le 9 janvier 2014, Black Smoke<\/li>\n<li>Storm, Sib\u00e9rien, n\u00e9 chez nous le 16 juillet 2016, Red Spotted Tabby<\/li>\n<\/ul>\n<p>Les chats s&rsquo;entendent tr\u00e8s bien avec notre chienne Kyra, une crois\u00e9 berger de 25 kg. Ils vivent uniquement en int\u00e9rieur.<\/p>\n<p><strong>Envie d&rsquo;un chaton? <\/strong>Voici tout ce que vous devez savoir avant de choisir: <a href=\"http:\/\/www.siberien.ch\/sib\/wp-content\/uploads\/2015\/09\/Envie-dun-Chaton.pdf\">Envie d&rsquo;un Chaton<\/a><\/p>\n<p><strong>Visite pour allergiques\u00a0: <\/strong>Nous acceptons les visites pour contr\u00f4ler vos r\u00e9actions allergiques mais uniquement sur rendez-vous et en dehors des p\u00e9riodes o\u00f9 nous avons des chatons.Pour cela, il vous faut prendre contact avec nous par email\u00a0: <a href=\"mailto:contact@siberien.ch\">contact@siberien.ch<\/a><\/p>\n<p><strong>D\u00e9cid\u00e9 \u00e0 adopter un sib\u00e9rien? <\/strong>Il y a \u00e9norm\u00e9ment de demandes pour des chatons sib\u00e9riens, le d\u00e9lai peut aller jusqu&rsquo;\u00e0 12 mois. Si vous souhaitez adopter l\u2019un de nos chatons, il faut nous contacter par email <a href=\"mailto:contact@siberien.ch\">contact@siberien.ch<\/a> pour que nous vous ajoutions \u00e0 notre liste d\u2019attente, en nous indiquant quel genre de chaton vous souhaitez (sexe, couleur) avec vos coordonn\u00e9es compl\u00e8tes. Nous vous contacterons d\u00e8s qu\u2019un chaton sera disponible pour vous. Vous pourrez alors venir visiter les chatons apr\u00e8s leur premier vaccin, vers 8 semaines.<\/p>\n<p><strong>Nos conditions d&rsquo;adoption:<\/strong> <a href=\"http:\/\/www.siberien.ch\/sib\/index.php\/nos-conditions-dadoption\/\">page adoptions<\/a><\/p>\n<p><strong>Facebook:<\/strong> <a href=\"https:\/\/www.facebook.com\/Siberiens\/?fref=ts\">Chatterie Moonlight Shadow<\/a><\/p>\n","protected":false},"excerpt":{"rendered":"<p>Bonjour et bienvenue sur le site des chats de Moonlight Shadow, vous trouverez ici les derni\u00e8res nouvelles de nos chats. Actuellement nous avons 9 chats Sib\u00e9riens: Misty, Neva Masquerade, n\u00e9e le 16 avril 2010, Seal Tortie Tabby Point. Gizmo, Neva &hellip; <a href=\"https:\/\/sib.tribufufu.net\/\">Continue la lecture <span class=\"meta-nav\">&rarr;<\/span><\/a><\/p>\n","protected":false},"author":1,"featured_media":0,"parent":0,"menu_order":0,"comment_status":"closed","ping_status":"closed","template":"","meta":[],"_links":{"self":[{"href":"https:\/\/sib.tribufufu.net\/index.php\/wp-json\/wp\/v2\/pages\/43"}],"collection":[{"href":"https:\/\/sib.tribufufu.net\/index.php\/wp-json\/wp\/v2\/pages"}],"about":[{"href":"https:\/\/sib.tribufufu.net\/index.php\/wp-json\/wp\/v2\/types\/page"}],"author":[{"embeddable":true,"href":"https:\/\/sib.tribufufu.net\/index.php\/wp-json\/wp\/v2\/users\/1"}],"replies":[{"embeddable":true,"href":"https:\/\/sib.tribufufu.net\/index.php\/wp-json\/wp\/v2\/comments?post=43"}],"version-history":[{"count":28,"href":"https:\/\/sib.tribufufu.net\/index.php\/wp-json\/wp\/v2\/pages\/43\/revisions"}],"predecessor-version":[{"id":645,"href":"https:\/\/sib.tribufufu.net\/index.php\/wp-json\/wp\/v2\/pages\/43\/revisions\/645"}],"wp:attachment":[{"href":"https:\/\/sib.tribufufu.net\/index.php\/wp-json\/wp\/v2\/media?parent=43"}],"curies":[{"name":"wp","href":"https:\/\/api.w.org\/{rel}","templated":true}]}}