{"id":296,"date":"2015-10-23T12:56:06","date_gmt":"2015-10-23T10:56:06","guid":{"rendered":"http:\/\/www.siberien.ch\/sib\/?page_id=296"},"modified":"2016-01-04T12:44:43","modified_gmt":"2016-01-04T11:44:43","slug":"challenge-cat-club-de-geneve-2015","status":"publish","type":"page","link":"https:\/\/sib.tribufufu.net\/index.php\/challenge-cat-club-de-geneve-2015\/","title":{"rendered":"Challenge Cat Club de Gen\u00e8ve 2015"},"content":{"rendered":"<h2>Challenge Cat Club de Gen\u00e8ve 2015<\/h2>\n<p>Voici les meilleurs Chats du Club, toutes races confondues. Notre Max est 5i\u00e8me et Hope est 22i\u00e8me! Nous sommes tr\u00e8s fiers de nos chats!<\/p>\n<p><a href=\"http:\/\/www.siberien.ch\/sib\/wp-content\/uploads\/2016\/01\/Meilleures-Chats-2015.jpg\" data-rel=\"lightbox-image-0\" data-rl_title=\"\" data-rl_caption=\"\" title=\"\"><img loading=\"lazy\" class=\"alignnone size-full wp-image-396\" src=\"http:\/\/www.siberien.ch\/sib\/wp-content\/uploads\/2016\/01\/Meilleures-Chats-2015.jpg\" alt=\"Meilleures Chats 2015\" width=\"1600\" height=\"1765\" srcset=\"https:\/\/sib.tribufufu.net\/wp-content\/uploads\/2016\/01\/Meilleures-Chats-2015.jpg 1600w, https:\/\/sib.tribufufu.net\/wp-content\/uploads\/2016\/01\/Meilleures-Chats-2015-272x300.jpg 272w, https:\/\/sib.tribufufu.net\/wp-content\/uploads\/2016\/01\/Meilleures-Chats-2015-928x1024.jpg 928w\" sizes=\"(max-width: 1600px) 100vw, 1600px\" \/><\/a><\/p>\n<p>Et voici les meilleurs Chats Poils mi-longs: Max est de nouveau le meilleur m\u00e2le et Hope est la meilleure femelle! Pas \u00e9tonnant que leurs chatons soient si beaux!<\/p>\n<p><a href=\"http:\/\/www.siberien.ch\/sib\/wp-content\/uploads\/2015\/10\/Best-Poils-Mi-Longs-2015.jpg\" data-rel=\"lightbox-image-1\" data-rl_title=\"\" data-rl_caption=\"\" title=\"\"><img loading=\"lazy\" class=\"alignnone size-full wp-image-405\" src=\"http:\/\/www.siberien.ch\/sib\/wp-content\/uploads\/2015\/10\/Best-Poils-Mi-Longs-2015.jpg\" alt=\"Best Poils Mi-Longs 2015\" width=\"1600\" height=\"1539\" srcset=\"https:\/\/sib.tribufufu.net\/wp-content\/uploads\/2015\/10\/Best-Poils-Mi-Longs-2015.jpg 1600w, https:\/\/sib.tribufufu.net\/wp-content\/uploads\/2015\/10\/Best-Poils-Mi-Longs-2015-300x289.jpg 300w, https:\/\/sib.tribufufu.net\/wp-content\/uploads\/2015\/10\/Best-Poils-Mi-Longs-2015-1024x985.jpg 1024w\" sizes=\"(max-width: 1600px) 100vw, 1600px\" \/><\/a><\/p>\n<p>Et les Meilleurs Chats par Race: Max est de nouveau le meilleur Neva Masquerade!<\/p>\n<p><a href=\"http:\/\/www.siberien.ch\/sib\/wp-content\/uploads\/2016\/01\/Meilleurs-de-race-2015.jpg\" data-rel=\"lightbox-image-2\" data-rl_title=\"\" data-rl_caption=\"\" title=\"\"><img loading=\"lazy\" class=\"alignnone size-full wp-image-397\" src=\"http:\/\/www.siberien.ch\/sib\/wp-content\/uploads\/2016\/01\/Meilleurs-de-race-2015.jpg\" alt=\"Meilleurs de race 2015\" width=\"1459\" height=\"2250\" srcset=\"https:\/\/sib.tribufufu.net\/wp-content\/uploads\/2016\/01\/Meilleurs-de-race-2015.jpg 1459w, https:\/\/sib.tribufufu.net\/wp-content\/uploads\/2016\/01\/Meilleurs-de-race-2015-195x300.jpg 195w, https:\/\/sib.tribufufu.net\/wp-content\/uploads\/2016\/01\/Meilleurs-de-race-2015-664x1024.jpg 664w\" sizes=\"(max-width: 1459px) 100vw, 1459px\" \/><\/a><\/p>\n<p>&nbsp;<\/p>\n<p>&nbsp;<\/p>\n","protected":false},"excerpt":{"rendered":"<p>Challenge Cat Club de Gen\u00e8ve 2015 Voici les meilleurs Chats du Club, toutes races confondues. Notre Max est 5i\u00e8me et Hope est 22i\u00e8me! Nous sommes tr\u00e8s fiers de nos chats! Et voici les meilleurs Chats Poils mi-longs: Max est de &hellip; <a href=\"https:\/\/sib.tribufufu.net\/index.php\/challenge-cat-club-de-geneve-2015\/\">Continue la lecture <span class=\"meta-nav\">&rarr;<\/span><\/a><\/p>\n","protected":false},"author":3,"featured_media":0,"parent":0,"menu_order":0,"comment_status":"closed","ping_status":"closed","template":"","meta":[],"_links":{"self":[{"href":"https:\/\/sib.tribufufu.net\/index.php\/wp-json\/wp\/v2\/pages\/296"}],"collection":[{"href":"https:\/\/sib.tribufufu.net\/index.php\/wp-json\/wp\/v2\/pages"}],"about":[{"href":"https:\/\/sib.tribufufu.net\/index.php\/wp-json\/wp\/v2\/types\/page"}],"author":[{"embeddable":true,"href":"https:\/\/sib.tribufufu.net\/index.php\/wp-json\/wp\/v2\/users\/3"}],"replies":[{"embeddable":true,"href":"https:\/\/sib.tribufufu.net\/index.php\/wp-json\/wp\/v2\/comments?post=296"}],"version-history":[{"count":5,"href":"https:\/\/sib.tribufufu.net\/index.php\/wp-json\/wp\/v2\/pages\/296\/revisions"}],"predecessor-version":[{"id":406,"href":"https:\/\/sib.tribufufu.net\/index.php\/wp-json\/wp\/v2\/pages\/296\/revisions\/406"}],"wp:attachment":[{"href":"https:\/\/sib.tribufufu.net\/index.php\/wp-json\/wp\/v2\/media?parent=296"}],"curies":[{"name":"wp","href":"https:\/\/api.w.org\/{rel}","templated":true}]}}