{"id":293,"date":"2015-10-23T12:55:11","date_gmt":"2015-10-23T10:55:11","guid":{"rendered":"http:\/\/www.siberien.ch\/sib\/?page_id=293"},"modified":"2015-10-23T12:55:11","modified_gmt":"2015-10-23T10:55:11","slug":"challenge-cat-club-de-geneve-2014","status":"publish","type":"page","link":"https:\/\/sib.tribufufu.net\/index.php\/challenge-cat-club-de-geneve-2014\/","title":{"rendered":"Challenge Cat Club de Gen\u00e8ve 2014"},"content":{"rendered":"<h2>Challenge Cat Club de Gen\u00e8ve 2014:<\/h2>\n<p>Meilleurs Chats: Nos 4 reproducteurs sont parmis les 15 meilleurs chats du Club: 5i\u00e8me, 7i\u00e8me, 13i\u00e8me et 15i\u00e8me<\/p>\n<p><img src=\"http:\/\/moonlightshadow.ch\/dp6\/sites\/moonlightshadow.ch\/files\/Meilleures%20Chats%202014.jpg\" alt=\"\" width=\"700\" \/><\/p>\n<p>Best of Best: Ce sont les meilleurs Chats par longueur de poils, et Max notre m\u00e2le entier est le meilleur Poils Mi-Longs<\/p>\n<p><img src=\"http:\/\/moonlightshadow.ch\/dp6\/sites\/moonlightshadow.ch\/files\/Best%20of%20Best%202014.jpg\" alt=\"\" width=\"700\" \/><\/p>\n<p>Best Poils Mi-Longs: Ce sont les meilleurs Chats par longueur de poils et par sexe\/\u00e2ge, et Max est le meilleur m\u00e2le et Minuit la meilleure femelle<\/p>\n<p><img src=\"http:\/\/moonlightshadow.ch\/dp6\/sites\/moonlightshadow.ch\/files\/Best%20Poils%20Mi-Longs%202014.jpg\" alt=\"\" width=\"700\" \/><\/p>\n<p>Meilleurs par Race: Ce sont les meilleurs Chats par Race, et Max est le meilleur Neva Masquerade et Minuit la meilleure Sib\u00e9rienne<\/p>\n<p><img src=\"http:\/\/moonlightshadow.ch\/dp6\/sites\/moonlightshadow.ch\/files\/Meilleurs%20de%20race%202014.jpg\" alt=\"\" width=\"700\" \/><\/p>\n","protected":false},"excerpt":{"rendered":"<p>Challenge Cat Club de Gen\u00e8ve 2014: Meilleurs Chats: Nos 4 reproducteurs sont parmis les 15 meilleurs chats du Club: 5i\u00e8me, 7i\u00e8me, 13i\u00e8me et 15i\u00e8me Best of Best: Ce sont les meilleurs Chats par longueur de poils, et Max notre m\u00e2le &hellip; <a href=\"https:\/\/sib.tribufufu.net\/index.php\/challenge-cat-club-de-geneve-2014\/\">Continue la lecture <span class=\"meta-nav\">&rarr;<\/span><\/a><\/p>\n","protected":false},"author":3,"featured_media":0,"parent":0,"menu_order":0,"comment_status":"closed","ping_status":"closed","template":"","meta":[],"_links":{"self":[{"href":"https:\/\/sib.tribufufu.net\/index.php\/wp-json\/wp\/v2\/pages\/293"}],"collection":[{"href":"https:\/\/sib.tribufufu.net\/index.php\/wp-json\/wp\/v2\/pages"}],"about":[{"href":"https:\/\/sib.tribufufu.net\/index.php\/wp-json\/wp\/v2\/types\/page"}],"author":[{"embeddable":true,"href":"https:\/\/sib.tribufufu.net\/index.php\/wp-json\/wp\/v2\/users\/3"}],"replies":[{"embeddable":true,"href":"https:\/\/sib.tribufufu.net\/index.php\/wp-json\/wp\/v2\/comments?post=293"}],"version-history":[{"count":1,"href":"https:\/\/sib.tribufufu.net\/index.php\/wp-json\/wp\/v2\/pages\/293\/revisions"}],"predecessor-version":[{"id":295,"href":"https:\/\/sib.tribufufu.net\/index.php\/wp-json\/wp\/v2\/pages\/293\/revisions\/295"}],"wp:attachment":[{"href":"https:\/\/sib.tribufufu.net\/index.php\/wp-json\/wp\/v2\/media?parent=293"}],"curies":[{"name":"wp","href":"https:\/\/api.w.org\/{rel}","templated":true}]}}