{"id":254,"date":"2015-10-22T18:03:38","date_gmt":"2015-10-22T16:03:38","guid":{"rendered":"http:\/\/www.siberien.ch\/sib\/?page_id=254"},"modified":"2015-11-03T13:30:03","modified_gmt":"2015-11-03T12:30:03","slug":"portees-2015","status":"publish","type":"page","link":"https:\/\/sib.tribufufu.net\/index.php\/portees-2015\/","title":{"rendered":"Port\u00e9es 2015"},"content":{"rendered":"<p style=\"text-align: left;\"><strong><a href=\"http:\/\/www.siberien.ch\/sib\/wp-content\/uploads\/2015\/10\/20150812_180855.jpg\" data-rel=\"lightbox-image-0\" data-rl_title=\"\" data-rl_caption=\"\" title=\"\"><img loading=\"lazy\" class=\"alignnone size-medium wp-image-255\" src=\"http:\/\/www.siberien.ch\/sib\/wp-content\/uploads\/2015\/10\/20150812_180855-300x169.jpg\" alt=\"20150812_180855\" width=\"300\" height=\"169\" srcset=\"https:\/\/sib.tribufufu.net\/wp-content\/uploads\/2015\/10\/20150812_180855-300x169.jpg 300w, https:\/\/sib.tribufufu.net\/wp-content\/uploads\/2015\/10\/20150812_180855-1024x576.jpg 1024w\" sizes=\"(max-width: 300px) 100vw, 300px\" \/><\/a><\/strong><\/p>\n<p><strong>Misty et Ivar<\/strong> nous on fait une port\u00e9e d&rsquo;un seul chaton, une n\u00e9va, seal tabby point, n\u00e9e le 17 juillet \u00e0 11h15.<\/p>\n<p>Lilou:\u00a0\u00a0\u00a0\u00a0 femele seal tabby point<\/p>\n<hr \/>\n<p>&nbsp;<\/p>\n<p><a href=\"http:\/\/www.siberien.ch\/sib\/wp-content\/uploads\/2015\/10\/20150311_194843.jpg\" data-rel=\"lightbox-image-1\" data-rl_title=\"\" data-rl_caption=\"\" title=\"\"><img loading=\"lazy\" class=\"alignnone size-medium wp-image-257\" src=\"http:\/\/www.siberien.ch\/sib\/wp-content\/uploads\/2015\/10\/20150311_194843-300x169.jpg\" alt=\"20150311_194843\" width=\"300\" height=\"169\" srcset=\"https:\/\/sib.tribufufu.net\/wp-content\/uploads\/2015\/10\/20150311_194843-300x169.jpg 300w, https:\/\/sib.tribufufu.net\/wp-content\/uploads\/2015\/10\/20150311_194843-1024x576.jpg 1024w\" sizes=\"(max-width: 300px) 100vw, 300px\" \/><\/a><\/p>\n<p><strong>Minuit et Max<\/strong> nous on fait une port\u00e9e de 3 chatons, un n\u00e9va et deux sib\u00e9riens, un brown mackerel tabby et un bleu silver mackerel tabby, ils sont n\u00e9 le 5 f\u00e9vrier entre 19h15 et 20h, Minuit a mis bas seule et sans aide, tout les chatons se portent bien.<\/p>\n<p>Brownie:\u00a0\u00a0\u00a0\u00a0 femelle brown mackerel tabby<\/p>\n<p>Jo\u00e9: \u00a0\u00a0\u00a0\u00a0\u00a0\u00a0\u00a0\u00a0\u00a0\u00a0\u00a0\u00a0 m\u00e2le bleu silver mackerel tabby<\/p>\n<p>Bianca:\u00a0\u00a0\u00a0\u00a0\u00a0\u00a0\u00a0 femelle, n\u00e9va, seal silver tabby<\/p>\n<hr \/>\n<p>&nbsp;<\/p>\n","protected":false},"excerpt":{"rendered":"<p>Misty et Ivar nous on fait une port\u00e9e d&rsquo;un seul chaton, une n\u00e9va, seal tabby point, n\u00e9e le 17 juillet \u00e0 11h15. Lilou:\u00a0\u00a0\u00a0\u00a0 femele seal tabby point &nbsp; Minuit et Max nous on fait une port\u00e9e de 3 chatons, un &hellip; <a href=\"https:\/\/sib.tribufufu.net\/index.php\/portees-2015\/\">Continue la lecture <span class=\"meta-nav\">&rarr;<\/span><\/a><\/p>\n","protected":false},"author":3,"featured_media":0,"parent":0,"menu_order":0,"comment_status":"closed","ping_status":"closed","template":"","meta":[],"_links":{"self":[{"href":"https:\/\/sib.tribufufu.net\/index.php\/wp-json\/wp\/v2\/pages\/254"}],"collection":[{"href":"https:\/\/sib.tribufufu.net\/index.php\/wp-json\/wp\/v2\/pages"}],"about":[{"href":"https:\/\/sib.tribufufu.net\/index.php\/wp-json\/wp\/v2\/types\/page"}],"author":[{"embeddable":true,"href":"https:\/\/sib.tribufufu.net\/index.php\/wp-json\/wp\/v2\/users\/3"}],"replies":[{"embeddable":true,"href":"https:\/\/sib.tribufufu.net\/index.php\/wp-json\/wp\/v2\/comments?post=254"}],"version-history":[{"count":2,"href":"https:\/\/sib.tribufufu.net\/index.php\/wp-json\/wp\/v2\/pages\/254\/revisions"}],"predecessor-version":[{"id":328,"href":"https:\/\/sib.tribufufu.net\/index.php\/wp-json\/wp\/v2\/pages\/254\/revisions\/328"}],"wp:attachment":[{"href":"https:\/\/sib.tribufufu.net\/index.php\/wp-json\/wp\/v2\/media?parent=254"}],"curies":[{"name":"wp","href":"https:\/\/api.w.org\/{rel}","templated":true}]}}