{"id":250,"date":"2015-10-22T17:58:27","date_gmt":"2015-10-22T15:58:27","guid":{"rendered":"http:\/\/www.siberien.ch\/sib\/?page_id=250"},"modified":"2015-10-22T17:58:27","modified_gmt":"2015-10-22T15:58:27","slug":"portee-2013","status":"publish","type":"page","link":"https:\/\/sib.tribufufu.net\/index.php\/portee-2013\/","title":{"rendered":"Port\u00e9e 2013"},"content":{"rendered":"<p><strong><a href=\"http:\/\/www.siberien.ch\/sib\/wp-content\/uploads\/2015\/10\/IMG_05581.jpg\" data-rel=\"lightbox-image-0\" data-rl_title=\"\" data-rl_caption=\"\" title=\"\"><img loading=\"lazy\" class=\"alignnone size-medium wp-image-251\" src=\"http:\/\/www.siberien.ch\/sib\/wp-content\/uploads\/2015\/10\/IMG_05581-300x225.jpg\" alt=\"IMG_0558\" width=\"300\" height=\"225\" srcset=\"https:\/\/sib.tribufufu.net\/wp-content\/uploads\/2015\/10\/IMG_05581-300x225.jpg 300w, https:\/\/sib.tribufufu.net\/wp-content\/uploads\/2015\/10\/IMG_05581-1024x768.jpg 1024w\" sizes=\"(max-width: 300px) 100vw, 300px\" \/><\/a><\/strong><\/p>\n<p><strong>Minuit et Max<\/strong> nous on fait une port\u00e9e de 4 chatons, deux neva et deux silver tabby, ils sont n\u00e9 le 3 mai dans l&rsquo;apr\u00e8s-midi, Minuit a mis bas seule et sans aide, tout les chatons se portent bien.<\/p>\n<p>Or\u00e9o:\u00a0\u00a0\u00a0\u00a0\u00a0 m\u00e2le silver tabby<\/p>\n<p>Cookie: \u00a0 m\u00e2le silver tabby<\/p>\n<p>Sabl\u00e9: \u00a0 \u00a0 femelle, neva, seal tabby<\/p>\n<p>P&rsquo;ti Lu:\u00a0\u00a0 femelle, neva, seal tabby<\/p>\n","protected":false},"excerpt":{"rendered":"<p>Minuit et Max nous on fait une port\u00e9e de 4 chatons, deux neva et deux silver tabby, ils sont n\u00e9 le 3 mai dans l&rsquo;apr\u00e8s-midi, Minuit a mis bas seule et sans aide, tout les chatons se portent bien. Or\u00e9o:\u00a0\u00a0\u00a0\u00a0\u00a0 &hellip; <a href=\"https:\/\/sib.tribufufu.net\/index.php\/portee-2013\/\">Continue la lecture <span class=\"meta-nav\">&rarr;<\/span><\/a><\/p>\n","protected":false},"author":3,"featured_media":0,"parent":0,"menu_order":0,"comment_status":"closed","ping_status":"closed","template":"","meta":[],"_links":{"self":[{"href":"https:\/\/sib.tribufufu.net\/index.php\/wp-json\/wp\/v2\/pages\/250"}],"collection":[{"href":"https:\/\/sib.tribufufu.net\/index.php\/wp-json\/wp\/v2\/pages"}],"about":[{"href":"https:\/\/sib.tribufufu.net\/index.php\/wp-json\/wp\/v2\/types\/page"}],"author":[{"embeddable":true,"href":"https:\/\/sib.tribufufu.net\/index.php\/wp-json\/wp\/v2\/users\/3"}],"replies":[{"embeddable":true,"href":"https:\/\/sib.tribufufu.net\/index.php\/wp-json\/wp\/v2\/comments?post=250"}],"version-history":[{"count":1,"href":"https:\/\/sib.tribufufu.net\/index.php\/wp-json\/wp\/v2\/pages\/250\/revisions"}],"predecessor-version":[{"id":253,"href":"https:\/\/sib.tribufufu.net\/index.php\/wp-json\/wp\/v2\/pages\/250\/revisions\/253"}],"wp:attachment":[{"href":"https:\/\/sib.tribufufu.net\/index.php\/wp-json\/wp\/v2\/media?parent=250"}],"curies":[{"name":"wp","href":"https:\/\/api.w.org\/{rel}","templated":true}]}}