{"id":228,"date":"2015-10-22T17:10:44","date_gmt":"2015-10-22T15:10:44","guid":{"rendered":"http:\/\/www.siberien.ch\/sib\/?page_id=228"},"modified":"2017-04-02T16:48:39","modified_gmt":"2017-04-02T14:48:39","slug":"nos-chats","status":"publish","type":"page","link":"https:\/\/sib.tribufufu.net\/index.php\/nos-chats\/","title":{"rendered":"Nos Chats"},"content":{"rendered":"<p>Tous nos Sib\u00e9riens ont \u00e9t\u00e9 test\u00e9s au Tierspital de Berne et sont PKD et HCM n\u00e9gatifs (avril 2014, avril 2016) et ne sont pas porteurs de PKDef.<\/p>\n<hr \/>\n<p><a href=\"http:\/\/www.siberien.ch\/sib\/wp-content\/uploads\/2015\/10\/Misty-dAqua-Marine.jpg\" data-rel=\"lightbox-image-0\" data-rl_title=\"\" data-rl_caption=\"\" title=\"\"><img loading=\"lazy\" class=\"alignnone size-medium wp-image-232\" src=\"http:\/\/www.siberien.ch\/sib\/wp-content\/uploads\/2015\/10\/Misty-dAqua-Marine-300x259.jpg\" alt=\"Misty d'Aqua Marine\" width=\"300\" height=\"259\" srcset=\"https:\/\/sib.tribufufu.net\/wp-content\/uploads\/2015\/10\/Misty-dAqua-Marine-300x259.jpg 300w, https:\/\/sib.tribufufu.net\/wp-content\/uploads\/2015\/10\/Misty-dAqua-Marine.jpg 987w\" sizes=\"(max-width: 300px) 100vw, 300px\" \/><\/a><\/p>\n<p><strong>Misty d&rsquo;Aqua Marine<\/strong><\/p>\n<p>Championne du Monde WCF et Double Grande Championne d&rsquo;Europe<\/p>\n<p>n\u00e9e 16 avril 2010 &#8211; Femelle N\u00e9va Masquerade &#8211;\u00a0 Seal Tortie Tabby Point<\/p>\n<p>PKD &#8211; HCM\u00a0 (avril 2014, avril 2016) n\u00e9gatifs<\/p>\n<p>PKDef n\u00e9gatifs\u00a0\u00a0\u00a0\u00a0\u00a0\u00a0\u00a0\u00a0\u00a0 \/\u00a0 Leucose &#8211; FelV n\u00e9gatifs<\/p>\n<hr \/>\n<p><a href=\"http:\/\/www.siberien.ch\/sib\/wp-content\/uploads\/2015\/10\/Minuit-de-Siberussi1.jpg\" data-rel=\"lightbox-image-1\" data-rl_title=\"\" data-rl_caption=\"\" title=\"\"><img loading=\"lazy\" class=\"alignnone size-medium wp-image-231\" src=\"http:\/\/www.siberien.ch\/sib\/wp-content\/uploads\/2015\/10\/Minuit-de-Siberussi1-275x300.jpg\" alt=\"Minuit de Siberussi\" width=\"275\" height=\"300\" srcset=\"https:\/\/sib.tribufufu.net\/wp-content\/uploads\/2015\/10\/Minuit-de-Siberussi1-275x300.jpg 275w, https:\/\/sib.tribufufu.net\/wp-content\/uploads\/2015\/10\/Minuit-de-Siberussi1.jpg 427w\" sizes=\"(max-width: 275px) 100vw, 275px\" \/><\/a><\/p>\n<p><strong>Minuit de Siberussi<\/strong><\/p>\n<p>Championne du Monde WCF et Double Grande Championne d&rsquo;Europe<\/p>\n<p>n\u00e9e 27 octobre 2011 &#8211; Femelle Sib\u00e9rienne &#8211;\u00a0 Blue<\/p>\n<p>PKD &#8211; HCM\u00a0 (avril 2014, avril 2016) n\u00e9gatifs<\/p>\n<p>PKDef n\u00e9gatifs\u00a0\u00a0\u00a0\u00a0\u00a0\u00a0\u00a0\u00a0\u00a0 \/\u00a0 Leucose &#8211; FelV n\u00e9gatifs<\/p>\n<hr \/>\n<p><a href=\"http:\/\/www.siberien.ch\/sib\/wp-content\/uploads\/2015\/10\/Max-Moonlight-Shadow1.jpg\" data-rel=\"lightbox-image-2\" data-rl_title=\"\" data-rl_caption=\"\" title=\"\"><img loading=\"lazy\" class=\"alignnone size-medium wp-image-230\" src=\"http:\/\/www.siberien.ch\/sib\/wp-content\/uploads\/2015\/10\/Max-Moonlight-Shadow1-295x300.jpg\" alt=\"Max Moonlight Shadow\" width=\"295\" height=\"300\" srcset=\"https:\/\/sib.tribufufu.net\/wp-content\/uploads\/2015\/10\/Max-Moonlight-Shadow1-295x300.jpg 295w, https:\/\/sib.tribufufu.net\/wp-content\/uploads\/2015\/10\/Max-Moonlight-Shadow1.jpg 629w\" sizes=\"(max-width: 295px) 100vw, 295px\" \/><\/a><\/p>\n<p><strong>Max Moonlight Shadow<\/strong><\/p>\n<p>Champion du Monde WCF et Sextuple Grand Champion d&rsquo;Europe<\/p>\n<p>n\u00e9e 30 juillet 2012 &#8211; M\u00e2le N\u00e9va Masquerade &#8211;\u00a0 Seal Silver Tabby Point<\/p>\n<p>PKD &#8211; HCM\u00a0 (avril 2014, avril 2016) n\u00e9gatifs<\/p>\n<p>PKDef n\u00e9gatifs\u00a0\u00a0\u00a0\u00a0\u00a0\u00a0\u00a0\u00a0\u00a0 \/\u00a0 Leucose &#8211; FelV n\u00e9gatifs<\/p>\n<hr \/>\n<p><a href=\"http:\/\/www.siberien.ch\/sib\/wp-content\/uploads\/2015\/10\/Hope-Sibirskaya-Rapsodiya.jpg\" data-rel=\"lightbox-image-3\" data-rl_title=\"\" data-rl_caption=\"\" title=\"\"><img loading=\"lazy\" class=\"alignnone size-medium wp-image-229\" src=\"http:\/\/www.siberien.ch\/sib\/wp-content\/uploads\/2015\/10\/Hope-Sibirskaya-Rapsodiya-300x295.jpg\" alt=\"Hope Sibirskaya Rapsodiya\" width=\"300\" height=\"295\" srcset=\"https:\/\/sib.tribufufu.net\/wp-content\/uploads\/2015\/10\/Hope-Sibirskaya-Rapsodiya-300x295.jpg 300w, https:\/\/sib.tribufufu.net\/wp-content\/uploads\/2015\/10\/Hope-Sibirskaya-Rapsodiya-1024x1008.jpg 1024w, https:\/\/sib.tribufufu.net\/wp-content\/uploads\/2015\/10\/Hope-Sibirskaya-Rapsodiya.jpg 1220w\" sizes=\"(max-width: 300px) 100vw, 300px\" \/><\/a><\/p>\n<p><strong>Hope Sibirskaya Rapsodiya<\/strong><\/p>\n<p>Championne du Monde WCF et Triple Grande Championne d&rsquo;Europe<\/p>\n<p>n\u00e9e 14 mars 2013 &#8211; Femelle N\u00e9va Masquerade &#8211;\u00a0 Blue Tabby Point<\/p>\n<p>PKD &#8211; HCM\u00a0 (avril 2014, avril 2016) n\u00e9gatifs<\/p>\n<p>PKDef n\u00e9gatifs\u00a0\u00a0\u00a0\u00a0\u00a0\u00a0\u00a0\u00a0\u00a0 \/\u00a0 Leucose &#8211; FelV n\u00e9gatifs<\/p>\n<hr \/>\n<p><a href=\"http:\/\/www.siberien.ch\/sib\/wp-content\/uploads\/2015\/10\/Tchibi1.jpg\" data-rel=\"lightbox-image-4\" data-rl_title=\"\" data-rl_caption=\"\" title=\"\"><img loading=\"lazy\" class=\"alignnone size-medium wp-image-233\" src=\"http:\/\/www.siberien.ch\/sib\/wp-content\/uploads\/2015\/10\/Tchibi1-280x300.jpg\" alt=\"Tchibi\" width=\"280\" height=\"300\" srcset=\"https:\/\/sib.tribufufu.net\/wp-content\/uploads\/2015\/10\/Tchibi1-280x300.jpg 280w, https:\/\/sib.tribufufu.net\/wp-content\/uploads\/2015\/10\/Tchibi1-955x1024.jpg 955w\" sizes=\"(max-width: 280px) 100vw, 280px\" \/><\/a><\/p>\n<p><strong>Itchibi Sibirskaya Rapsodiya<\/strong><\/p>\n<p>Championne<\/p>\n<p>n\u00e9e 15 ao\u00fbt 2014 &#8211; Femelle N\u00e9va Masquerade &#8211;\u00a0 Seal Tortie Tabby Point<\/p>\n<p>PKD &#8211; HCM (avril 2016)<\/p>\n<p>PKDef n\u00e9gatifs\u00a0\u00a0\u00a0\u00a0\u00a0\u00a0\u00a0\u00a0\u00a0 \/\u00a0 Leucose &#8211; FelV n\u00e9gatifs<\/p>\n<hr \/>\n<p><a href=\"http:\/\/www.siberien.ch\/sib\/wp-content\/uploads\/2015\/10\/babuska-45.jpg\" data-rel=\"lightbox-image-5\" data-rl_title=\"\" data-rl_caption=\"\" title=\"\"><img loading=\"lazy\" class=\"alignnone wp-image-348\" src=\"http:\/\/www.siberien.ch\/sib\/wp-content\/uploads\/2015\/10\/babuska-45.jpg\" alt=\"babuska-45\" width=\"275\" height=\"206\" srcset=\"https:\/\/sib.tribufufu.net\/wp-content\/uploads\/2015\/10\/babuska-45.jpg 3979w, https:\/\/sib.tribufufu.net\/wp-content\/uploads\/2015\/10\/babuska-45-300x225.jpg 300w, https:\/\/sib.tribufufu.net\/wp-content\/uploads\/2015\/10\/babuska-45-1024x769.jpg 1024w\" sizes=\"(max-width: 275px) 100vw, 275px\" \/><\/a><\/p>\n<p><strong>Nobilpazzi Babuska<\/strong><\/p>\n<p>nous rejoint le 27 novembre 2015<\/p>\n<p>n\u00e9e 5 juillet 2015 &#8211; Femelle N\u00e9va Masquerade &#8211;\u00a0 Blue Point<\/p>\n<p>PKD &#8211; HCM (juillet 2016)<\/p>\n<p>PKDef n\u00e9gatifs\u00a0\u00a0\u00a0\u00a0\u00a0\u00a0\u00a0\u00a0\u00a0 \/\u00a0 Leucose &#8211; FelV n\u00e9gatifs<\/p>\n<hr \/>\n<p><img loading=\"lazy\" class=\"alignnone wp-image-501 \" src=\"http:\/\/www.siberien.ch\/sib\/wp-content\/uploads\/2017\/04\/Jaika.jpg\" alt=\"\" width=\"242\" height=\"312\" srcset=\"https:\/\/sib.tribufufu.net\/wp-content\/uploads\/2017\/04\/Jaika.jpg 466w, https:\/\/sib.tribufufu.net\/wp-content\/uploads\/2017\/04\/Jaika-233x300.jpg 233w\" sizes=\"(max-width: 242px) 100vw, 242px\" \/><\/p>\n<p><strong>Ja\u00efka de Yarkisland<br \/>\n<\/strong><\/p>\n<p>nous rejoint le 2 d\u00e9cembre 2016<\/p>\n<p>n\u00e9e 9 janvier 2014 &#8211; Femelle Sib\u00e9rienne- Black Smoke<\/p>\n<p>PKD &#8211; HCM (avril 2017)<\/p>\n<p>PKDef n\u00e9gatifs\u00a0\u00a0\u00a0\u00a0\u00a0\u00a0\u00a0\u00a0\u00a0 \/\u00a0 Leucose &#8211; FelV n\u00e9gatifs<\/p>\n<hr \/>\n<p><img loading=\"lazy\" class=\"alignnone wp-image-486 \" src=\"http:\/\/www.siberien.ch\/sib\/wp-content\/uploads\/2017\/01\/Storm.jpg\" alt=\"\" width=\"222\" height=\"296\" srcset=\"https:\/\/sib.tribufufu.net\/wp-content\/uploads\/2017\/01\/Storm.jpg 720w, https:\/\/sib.tribufufu.net\/wp-content\/uploads\/2017\/01\/Storm-225x300.jpg 225w, https:\/\/sib.tribufufu.net\/wp-content\/uploads\/2017\/01\/Storm-600x800.jpg 600w\" sizes=\"(max-width: 222px) 100vw, 222px\" \/><\/p>\n<p><strong>Storm Moonlight Shadow<\/strong><\/p>\n<p>n\u00e9 chez nous le 16 juillet 2016<\/p>\n<p>n\u00e9e 16 juillet 2016 &#8211; M\u00e2le Sib\u00e9rien &#8211; Red Spotted Tabby<\/p>\n<p>sera test\u00e9 apr\u00e8s ses 1 an<\/p>\n<hr \/>\n<p><a href=\"http:\/\/www.siberien.ch\/sib\/wp-content\/uploads\/2015\/10\/2014-01-11-19.09.17.jpg\" data-rel=\"lightbox-image-6\" data-rl_title=\"\" data-rl_caption=\"\" title=\"\"><img loading=\"lazy\" class=\"alignnone size-medium wp-image-234\" src=\"http:\/\/www.siberien.ch\/sib\/wp-content\/uploads\/2015\/10\/2014-01-11-19.09.17-225x300.jpg\" alt=\"2014-01-11 19.09.17\" width=\"225\" height=\"300\" srcset=\"https:\/\/sib.tribufufu.net\/wp-content\/uploads\/2015\/10\/2014-01-11-19.09.17-225x300.jpg 225w, https:\/\/sib.tribufufu.net\/wp-content\/uploads\/2015\/10\/2014-01-11-19.09.17-768x1024.jpg 768w\" sizes=\"(max-width: 225px) 100vw, 225px\" \/><\/a><\/p>\n<p><strong>Guizmo d&rsquo;Aqua Marine<\/strong> &#8211; Castr\u00e9<\/p>\n<p>n\u00e9e 16 avril 2010 &#8211; M\u00e2le N\u00e9va Masquerade &#8211;\u00a0 Seal Tabby Point<\/p>\n<p>PKD &#8211; HCM (avril 2014) n\u00e9gatifs<\/p>\n<p>PKDef n\u00e9gatifs\u00a0\u00a0\u00a0\u00a0\u00a0\u00a0\u00a0\u00a0\u00a0 \/\u00a0 Leucose &#8211; FelV n\u00e9gatifs<\/p>\n<hr \/>\n<p>&nbsp;<\/p>\n<p>&nbsp;<\/p>\n","protected":false},"excerpt":{"rendered":"<p>Tous nos Sib\u00e9riens ont \u00e9t\u00e9 test\u00e9s au Tierspital de Berne et sont PKD et HCM n\u00e9gatifs (avril 2014, avril 2016) et ne sont pas porteurs de PKDef. Misty d&rsquo;Aqua Marine Championne du Monde WCF et Double Grande Championne d&rsquo;Europe n\u00e9e &hellip; <a href=\"https:\/\/sib.tribufufu.net\/index.php\/nos-chats\/\">Continue la lecture <span class=\"meta-nav\">&rarr;<\/span><\/a><\/p>\n","protected":false},"author":3,"featured_media":0,"parent":0,"menu_order":0,"comment_status":"closed","ping_status":"closed","template":"","meta":[],"_links":{"self":[{"href":"https:\/\/sib.tribufufu.net\/index.php\/wp-json\/wp\/v2\/pages\/228"}],"collection":[{"href":"https:\/\/sib.tribufufu.net\/index.php\/wp-json\/wp\/v2\/pages"}],"about":[{"href":"https:\/\/sib.tribufufu.net\/index.php\/wp-json\/wp\/v2\/types\/page"}],"author":[{"embeddable":true,"href":"https:\/\/sib.tribufufu.net\/index.php\/wp-json\/wp\/v2\/users\/3"}],"replies":[{"embeddable":true,"href":"https:\/\/sib.tribufufu.net\/index.php\/wp-json\/wp\/v2\/comments?post=228"}],"version-history":[{"count":6,"href":"https:\/\/sib.tribufufu.net\/index.php\/wp-json\/wp\/v2\/pages\/228\/revisions"}],"predecessor-version":[{"id":502,"href":"https:\/\/sib.tribufufu.net\/index.php\/wp-json\/wp\/v2\/pages\/228\/revisions\/502"}],"wp:attachment":[{"href":"https:\/\/sib.tribufufu.net\/index.php\/wp-json\/wp\/v2\/media?parent=228"}],"curies":[{"name":"wp","href":"https:\/\/api.w.org\/{rel}","templated":true}]}}