{"id":223,"date":"2015-10-22T16:50:00","date_gmt":"2015-10-22T14:50:00","guid":{"rendered":"http:\/\/www.siberien.ch\/sib\/?page_id=223"},"modified":"2015-10-22T18:45:24","modified_gmt":"2015-10-22T16:45:24","slug":"nos-portees","status":"publish","type":"page","link":"https:\/\/sib.tribufufu.net\/index.php\/nos-portees\/","title":{"rendered":"Nos Port\u00e9es"},"content":{"rendered":"<p>Nous avons peu de port\u00e9es car nous ch\u00e9rissons nos femelles et leur laissons le temps de se remettre compl\u00e9tement apr\u00e8s chaque port\u00e9e. De plus, nous avons que 6 chats \u00e0 la maison.<\/p>\n<p><strong>Port\u00e9es 2015<\/strong><\/p>\n<p>Lilou:\u00a0\u00a0\u00a0\u00a0 femele seal tabby point<\/p>\n<p>Brownie:\u00a0\u00a0\u00a0\u00a0 femelle brown mackerel tabby<\/p>\n<p>Jo\u00e9: \u00a0\u00a0\u00a0\u00a0\u00a0\u00a0\u00a0\u00a0\u00a0\u00a0\u00a0\u00a0 m\u00e2le bleu silver mackerel tabby<\/p>\n<p>C\u00e2line:\u00a0\u00a0\u00a0\u00a0\u00a0\u00a0\u00a0 femelle, neva, seal silver tabby<\/p>\n<p><strong>Port\u00e9e 2013<\/strong><\/p>\n<p>Or\u00e9o:\u00a0\u00a0\u00a0\u00a0\u00a0 m\u00e2le silver tabby<\/p>\n<p>Cookie: \u00a0 m\u00e2le silver tabby<\/p>\n<p>Sabl\u00e9: \u00a0 \u00a0 femelle, neva, seal tabby<\/p>\n<p>P&rsquo;ti Lu:\u00a0\u00a0 femelle, neva, seal tabby<\/p>\n<p><strong>Port\u00e9e 2012<\/strong><\/p>\n<p>Ilytch \u00a0 \u00a0 \u00a0 \u00a0 m\u00e2le Seal Tabby Point<\/p>\n<p>Juri \u00a0 \u00a0 \u00a0 \u00a0 \u00a0\u00a0 m\u00e2le Seal Silver Tabby Point<\/p>\n<p>Max \u00a0 \u00a0 \u00a0 \u00a0 \u00a0 m\u00e2le Seal Silver Tabby Point<\/p>\n<p>Ne\u00efva \u00a0 \u00a0 \u00a0 \u00a0 femelle Seal Silver Tabby Point<\/p>\n<p>Ty\u00efa \u00a0 \u00a0 \u00a0 \u00a0 \u00a0 femelle Blue Cream Silver Tabby Point<\/p>\n","protected":false},"excerpt":{"rendered":"<p>Nous avons peu de port\u00e9es car nous ch\u00e9rissons nos femelles et leur laissons le temps de se remettre compl\u00e9tement apr\u00e8s chaque port\u00e9e. De plus, nous avons que 6 chats \u00e0 la maison. Port\u00e9es 2015 Lilou:\u00a0\u00a0\u00a0\u00a0 femele seal tabby point Brownie:\u00a0\u00a0\u00a0\u00a0 &hellip; <a href=\"https:\/\/sib.tribufufu.net\/index.php\/nos-portees\/\">Continue la lecture <span class=\"meta-nav\">&rarr;<\/span><\/a><\/p>\n","protected":false},"author":3,"featured_media":0,"parent":0,"menu_order":0,"comment_status":"closed","ping_status":"closed","template":"","meta":[],"_links":{"self":[{"href":"https:\/\/sib.tribufufu.net\/index.php\/wp-json\/wp\/v2\/pages\/223"}],"collection":[{"href":"https:\/\/sib.tribufufu.net\/index.php\/wp-json\/wp\/v2\/pages"}],"about":[{"href":"https:\/\/sib.tribufufu.net\/index.php\/wp-json\/wp\/v2\/types\/page"}],"author":[{"embeddable":true,"href":"https:\/\/sib.tribufufu.net\/index.php\/wp-json\/wp\/v2\/users\/3"}],"replies":[{"embeddable":true,"href":"https:\/\/sib.tribufufu.net\/index.php\/wp-json\/wp\/v2\/comments?post=223"}],"version-history":[{"count":4,"href":"https:\/\/sib.tribufufu.net\/index.php\/wp-json\/wp\/v2\/pages\/223\/revisions"}],"predecessor-version":[{"id":260,"href":"https:\/\/sib.tribufufu.net\/index.php\/wp-json\/wp\/v2\/pages\/223\/revisions\/260"}],"wp:attachment":[{"href":"https:\/\/sib.tribufufu.net\/index.php\/wp-json\/wp\/v2\/media?parent=223"}],"curies":[{"name":"wp","href":"https:\/\/api.w.org\/{rel}","templated":true}]}}