{"id":220,"date":"2015-10-22T16:45:38","date_gmt":"2015-10-22T14:45:38","guid":{"rendered":"http:\/\/www.siberien.ch\/sib\/?page_id=220"},"modified":"2015-10-22T17:17:25","modified_gmt":"2015-10-22T15:17:25","slug":"les-siberiens-et-neva-masquerade","status":"publish","type":"page","link":"https:\/\/sib.tribufufu.net\/index.php\/les-siberiens-et-neva-masquerade\/","title":{"rendered":"Les Sib\u00e9riens et N\u00e9va Masquerade"},"content":{"rendered":"<p>Grand et puissant, le chat de Sib\u00e9rie ou chat Sib\u00e9rien est une race \u00e0 poil long dont l&rsquo;apparence est assez proche de celle du Norv\u00e9gien et du Maine Coon. A la fois tr\u00e8s muscl\u00e9 et avec une silhouette ronde, il p\u00e8se entre 6 et 10 kg pour les m\u00e2les et entre 3,5 et 7 kg pour les femelles. Sa croissance est tr\u00e8s longue car il peut mettre jusqu&rsquo;\u00e0 5 ans pour atteindre sa taille adulte. Originaire de Russie, le Sib\u00e9rien serait un croisement entre des chats domestiques russes et des chats sauvages des monts Oural et du plateau de Sib\u00e9rie centrale. Autrefois, il aurait \u00e9t\u00e9 utilis\u00e9 pour chasser les rats et autres rongeurs. Race enti\u00e8rement naturelle, le Sib\u00e9rien se serait forg\u00e9 une fourrure \u00e9paisse et isolante afin de se prot\u00e9ger du climat rude de cette r\u00e9gion du monde. Consid\u00e9r\u00e9 comme une force tranquille, le Sib\u00e9rien est solide, fort, vigoureux, joueur et athl\u00e9tique c&rsquo;est pourquoi il a besoin d&rsquo;espace pour se d\u00e9penser et avoir un bon \u00e9quilibre. Cependant, il est aussi tr\u00e8s affectueux envers ses ma\u00eetres et sociable envers les autres animaux. Dot\u00e9 d&rsquo;une forte personnalit\u00e9, sa capacit\u00e9 \u00e0 sauter est remarquable. On le consid\u00e8re comme un chien-chat car il est plus attach\u00e9 \u00e0 ses ma\u00eetres qu&rsquo;aux lieux. Le Sib\u00e9rien est caract\u00e9ris\u00e9 par une sant\u00e9 tr\u00e8s r\u00e9sistante. De plus, selon une \u00e9tude scientifique, ses g\u00e8nes poss\u00e8dent peu de prot\u00e9ine FEL D1 qui cause des allergies. Ce chat serait donc mieux accept\u00e9 par les personnes allergiques aux poils de chats.<\/p>\n<p><strong>Pourquoi des Sib\u00e9riens<\/strong><\/p>\n<p>Nous avons choisi les chats sib\u00e9riens pour leur calme et leur caract\u00e8re \u00ab\u00a0familial\u00a0\u00bb. Ce sont des chats de grande taille, sans \u00eatre des Maine Coon. M\u00eame le moins c\u00e2lin reste pr\u00e8s de nous. Aucun d&rsquo;eux n&rsquo;est craintif et sont m\u00eame tr\u00e8s amicaux avec les inconnus. Ils nous suivent partout dans la maison, ils sont curieux et tr\u00e8s intelligents.<\/p>\n<p>Autre avantage, ils sont parmi les races de chat qui g\u00e9n\u00e8rent le moins d&rsquo;allerg\u00e8nes, et ils sont donc consid\u00e9r\u00e9s comme hypoallerg\u00e9niques.<\/p>\n<p>Visitez le site Science et Vie <a title=\"http:\/\/bit.ly\/1z54yro\" href=\"http:\/\/bit.ly\/1z54yro\">http:\/\/bit.ly\/1z54yro<\/a><\/p>\n<p>&nbsp;<\/p>\n<p><strong>Les Allergies<\/strong><\/p>\n<p>85% des personnes allergiques sont en fait sensibles \u00e0 la prot\u00e9ine FEL D1 que l&rsquo;on retrouve dans la salive, l&rsquo;urine, les glandes hormonales et s\u00e9bac\u00e9es du chat. En se lavant, le chat d\u00e9pose cette prot\u00e9ine sur sa peau et ses poils.Certaines races de chat sont moins allerg\u00e8nes gr\u00e2ce \u00e0 leur absence de poils et de part leur texture diff\u00e9rente. C\u2019est le cas des Sphinx (sans poils), des Cornish Rex, des Devon Rex, des Savannah, et des Selkirk Rex. Le chat Sib\u00e9rien et le N\u00e9va Masquerade font exception car ils sont les seuls \u00e0 ne pas produire ou tr\u00e8s peu cette prot\u00e9ine, il est donc vraiment hypoallerg\u00e9nique. Le niveau d\u2019allergie de chaque personne \u00e9tant sp\u00e9cifique, il faut absolument vous rendre chez un \u00e9leveur pour tester vos r\u00e9actions en pr\u00e9sence de ses chats.<\/p>\n<p>&nbsp;<\/p>\n<p><strong>Les N\u00e9va Masquerade<br \/>\n<\/strong><\/p>\n<p>Les N\u00e9vas sont des Sib\u00e9riens de type \u00ab\u00a0Color Point\u00a0\u00bb, en d&rsquo;autre termes, clair avec les extr\u00e9mit\u00e9s fonc\u00e9es. Pour le reste ce sont bien des Sib\u00e9riens, taille et caract\u00e8re identiques.<\/p>\n<p>&nbsp;<\/p>\n<p><strong>R\u00e9f\u00e9rences en fran\u00e7ais<\/strong><\/p>\n<p><a href=\"http:\/\/fr.wikipedia.org\/wiki\/Sib%C3%A9rien\">Wikip\u00e9dia<\/a><\/p>\n<p><strong>R\u00e9f\u00e9rences en anglais<\/strong><\/p>\n<p><a href=\"http:\/\/www.breeds.traditionalcats.com\/BreedInfo\/FAQNevaMasquerade\/FAQNevaMasquerade.htm\">Neva FAQ<\/a><\/p>\n<p><strong>Les chats hypoallerg\u00e9niques: http:\/\/www.sciencesetavenir.fr\/galeries-photos\/animaux\/20150129.OBS1161\/les-races-de-chats-les-plus-hypoallergeniques.html<\/strong><\/p>\n","protected":false},"excerpt":{"rendered":"<p>Grand et puissant, le chat de Sib\u00e9rie ou chat Sib\u00e9rien est une race \u00e0 poil long dont l&rsquo;apparence est assez proche de celle du Norv\u00e9gien et du Maine Coon. A la fois tr\u00e8s muscl\u00e9 et avec une silhouette ronde, il &hellip; <a href=\"https:\/\/sib.tribufufu.net\/index.php\/les-siberiens-et-neva-masquerade\/\">Continue la lecture <span class=\"meta-nav\">&rarr;<\/span><\/a><\/p>\n","protected":false},"author":3,"featured_media":0,"parent":0,"menu_order":0,"comment_status":"closed","ping_status":"closed","template":"","meta":[],"_links":{"self":[{"href":"https:\/\/sib.tribufufu.net\/index.php\/wp-json\/wp\/v2\/pages\/220"}],"collection":[{"href":"https:\/\/sib.tribufufu.net\/index.php\/wp-json\/wp\/v2\/pages"}],"about":[{"href":"https:\/\/sib.tribufufu.net\/index.php\/wp-json\/wp\/v2\/types\/page"}],"author":[{"embeddable":true,"href":"https:\/\/sib.tribufufu.net\/index.php\/wp-json\/wp\/v2\/users\/3"}],"replies":[{"embeddable":true,"href":"https:\/\/sib.tribufufu.net\/index.php\/wp-json\/wp\/v2\/comments?post=220"}],"version-history":[{"count":2,"href":"https:\/\/sib.tribufufu.net\/index.php\/wp-json\/wp\/v2\/pages\/220\/revisions"}],"predecessor-version":[{"id":239,"href":"https:\/\/sib.tribufufu.net\/index.php\/wp-json\/wp\/v2\/pages\/220\/revisions\/239"}],"wp:attachment":[{"href":"https:\/\/sib.tribufufu.net\/index.php\/wp-json\/wp\/v2\/media?parent=220"}],"curies":[{"name":"wp","href":"https:\/\/api.w.org\/{rel}","templated":true}]}}