{"id":215,"date":"2015-10-22T16:22:51","date_gmt":"2015-10-22T14:22:51","guid":{"rendered":"http:\/\/www.siberien.ch\/sib\/?page_id=215"},"modified":"2017-09-24T18:27:03","modified_gmt":"2017-09-24T16:27:03","slug":"nos-conditions-dadoption","status":"publish","type":"page","link":"https:\/\/sib.tribufufu.net\/index.php\/nos-conditions-dadoption\/","title":{"rendered":"Nos Conditions d&rsquo;Adoption"},"content":{"rendered":"<p>Nous nous s\u00e9parons toujours avec regret de nos chatons, car m\u00eame apr\u00e8s seulement 3 mois nous y sommes d\u00e9j\u00e0 attach\u00e9s. En cons\u00e9quence nous veillons toujours \u00e0 ce que nous chatons aient un nouveau foyer qui leur convienne.<\/p>\n<p>Nos chatons sont vendus selon les conditions suivantes:<\/p>\n<ul>\n<li>\u00e2g\u00e9s de 12 semaines au moins,<\/li>\n<li>st\u00e9rilis\u00e9s<\/li>\n<li>propres et sevr\u00e9s,<\/li>\n<li>vaccin\u00e9s,<\/li>\n<li>puce \u00e9lectronique,<\/li>\n<li>test\u00e9s Leucose et FIV n\u00e9gatifs,<\/li>\n<li>parents test\u00e9s PKD, HCM et PK-Def n\u00e9gatifs<\/li>\n<li>en bonne sant\u00e9 selon contr\u00f4le du v\u00e9t\u00e9rinaire \u00e0 12 semaines,<\/li>\n<li>p\u00e9digr\u00e9e du Cat Club de Gen\u00e8ve<\/li>\n<li>passeport<\/li>\n<\/ul>\n<p>Nos chatons sont \u00e9lev\u00e9s en famille et sont tr\u00e8s bien socialis\u00e9s: ils connaissent les enfants, les chiens, d&rsquo;autres chats, les environnements calmes et les bruyants. Ils ont l&rsquo;habitude d&rsquo;\u00eatre manipul\u00e9s d\u00e8s la naissance.<\/p>\n<p>Nous destinons nos chatons \u00e0 \u00eatre des animaux de compagnie, ils sont donc st\u00e9rilis\u00e9s avant leur d\u00e9part.<\/p>\n<p>Vous trouverez ici <a href=\"http:\/\/www.siberien.ch\/sib\/wp-content\/uploads\/2017\/09\/Contrat-de-Vente-exemple.pdf\">Contrat de Vente exemple<\/a>.<\/p>\n<p>Nos chatons sont vendus au prix de <em>1500 CHF<\/em> chaque et peuvent \u00eatre r\u00e9serv\u00e9 apr\u00e8s versement d&rsquo;un acompte de <em>500 CHF<\/em> <strong>non remboursable<\/strong>, d\u00e9duit du montant total.<\/p>\n<p>&nbsp;<\/p>\n","protected":false},"excerpt":{"rendered":"<p>Nous nous s\u00e9parons toujours avec regret de nos chatons, car m\u00eame apr\u00e8s seulement 3 mois nous y sommes d\u00e9j\u00e0 attach\u00e9s. En cons\u00e9quence nous veillons toujours \u00e0 ce que nous chatons aient un nouveau foyer qui leur convienne. Nos chatons sont &hellip; <a href=\"https:\/\/sib.tribufufu.net\/index.php\/nos-conditions-dadoption\/\">Continue la lecture <span class=\"meta-nav\">&rarr;<\/span><\/a><\/p>\n","protected":false},"author":3,"featured_media":0,"parent":0,"menu_order":0,"comment_status":"closed","ping_status":"closed","template":"","meta":[],"_links":{"self":[{"href":"https:\/\/sib.tribufufu.net\/index.php\/wp-json\/wp\/v2\/pages\/215"}],"collection":[{"href":"https:\/\/sib.tribufufu.net\/index.php\/wp-json\/wp\/v2\/pages"}],"about":[{"href":"https:\/\/sib.tribufufu.net\/index.php\/wp-json\/wp\/v2\/types\/page"}],"author":[{"embeddable":true,"href":"https:\/\/sib.tribufufu.net\/index.php\/wp-json\/wp\/v2\/users\/3"}],"replies":[{"embeddable":true,"href":"https:\/\/sib.tribufufu.net\/index.php\/wp-json\/wp\/v2\/comments?post=215"}],"version-history":[{"count":14,"href":"https:\/\/sib.tribufufu.net\/index.php\/wp-json\/wp\/v2\/pages\/215\/revisions"}],"predecessor-version":[{"id":638,"href":"https:\/\/sib.tribufufu.net\/index.php\/wp-json\/wp\/v2\/pages\/215\/revisions\/638"}],"wp:attachment":[{"href":"https:\/\/sib.tribufufu.net\/index.php\/wp-json\/wp\/v2\/media?parent=215"}],"curies":[{"name":"wp","href":"https:\/\/api.w.org\/{rel}","templated":true}]}}