{"id":180,"date":"2015-10-21T16:33:56","date_gmt":"2015-10-21T14:33:56","guid":{"rendered":"http:\/\/www.siberien.ch\/sib\/?page_id=180"},"modified":"2015-10-21T16:33:56","modified_gmt":"2015-10-21T14:33:56","slug":"formation","status":"publish","type":"page","link":"https:\/\/sib.tribufufu.net\/index.php\/formation\/","title":{"rendered":"Formation"},"content":{"rendered":"<p>Afin d&rsquo;avoir un bon \u00e9levage, de respecter les lois en vigueur et de m&rsquo;occuper au mieux de mes chats, je suis depuis trois ans d\u00e9j\u00e0 des formations aupr\u00e8s de PawPeds.<\/p>\n<p>Je suis actuellement le 3i\u00e8me et dernier cours pour \u00e9leveurs de chats.<\/p>\n<p>plus d&rsquo;info: pawpeds.com<\/p>\n<p>Elevages ayant suivi les cours:<\/p>\n<p>G1, premier cours: http:\/\/pawpeds.com\/pawacademy\/courses\/g1\/g1students.html<\/p>\n<p>G2, deuxi\u00e8me cours: http:\/\/pawpeds.com\/pawacademy\/courses\/g2\/g2students.html<\/p>\n<p>G3, troisi\u00e8me cours: http:\/\/pawpeds.com\/pawacademy\/courses\/g3\/g3students.html<\/p>\n<p><a href=\"http:\/\/www.siberien.ch\/sib\/wp-content\/uploads\/2015\/10\/G1Ribbon.gif\" data-rel=\"lightbox-image-0\" data-rl_title=\"\" data-rl_caption=\"\" title=\"\"><img loading=\"lazy\" class=\"alignnone size-full wp-image-181\" src=\"http:\/\/www.siberien.ch\/sib\/wp-content\/uploads\/2015\/10\/G1Ribbon.gif\" alt=\"G1Ribbon\" width=\"150\" height=\"277\" \/><\/a> <a href=\"http:\/\/www.siberien.ch\/sib\/wp-content\/uploads\/2015\/10\/G2Ribbon.gif\" data-rel=\"lightbox-image-1\" data-rl_title=\"\" data-rl_caption=\"\" title=\"\"><img loading=\"lazy\" class=\"alignnone size-medium wp-image-182\" src=\"http:\/\/www.siberien.ch\/sib\/wp-content\/uploads\/2015\/10\/G2Ribbon-162x300.gif\" alt=\"G2Ribbon\" width=\"162\" height=\"300\" \/><\/a><\/p>\n","protected":false},"excerpt":{"rendered":"<p>Afin d&rsquo;avoir un bon \u00e9levage, de respecter les lois en vigueur et de m&rsquo;occuper au mieux de mes chats, je suis depuis trois ans d\u00e9j\u00e0 des formations aupr\u00e8s de PawPeds. Je suis actuellement le 3i\u00e8me et dernier cours pour \u00e9leveurs &hellip; <a href=\"https:\/\/sib.tribufufu.net\/index.php\/formation\/\">Continue la lecture <span class=\"meta-nav\">&rarr;<\/span><\/a><\/p>\n","protected":false},"author":3,"featured_media":0,"parent":0,"menu_order":0,"comment_status":"closed","ping_status":"closed","template":"","meta":[],"_links":{"self":[{"href":"https:\/\/sib.tribufufu.net\/index.php\/wp-json\/wp\/v2\/pages\/180"}],"collection":[{"href":"https:\/\/sib.tribufufu.net\/index.php\/wp-json\/wp\/v2\/pages"}],"about":[{"href":"https:\/\/sib.tribufufu.net\/index.php\/wp-json\/wp\/v2\/types\/page"}],"author":[{"embeddable":true,"href":"https:\/\/sib.tribufufu.net\/index.php\/wp-json\/wp\/v2\/users\/3"}],"replies":[{"embeddable":true,"href":"https:\/\/sib.tribufufu.net\/index.php\/wp-json\/wp\/v2\/comments?post=180"}],"version-history":[{"count":1,"href":"https:\/\/sib.tribufufu.net\/index.php\/wp-json\/wp\/v2\/pages\/180\/revisions"}],"predecessor-version":[{"id":184,"href":"https:\/\/sib.tribufufu.net\/index.php\/wp-json\/wp\/v2\/pages\/180\/revisions\/184"}],"wp:attachment":[{"href":"https:\/\/sib.tribufufu.net\/index.php\/wp-json\/wp\/v2\/media?parent=180"}],"curies":[{"name":"wp","href":"https:\/\/api.w.org\/{rel}","templated":true}]}}