{"id":139,"date":"2015-09-22T23:52:18","date_gmt":"2015-09-22T21:52:18","guid":{"rendered":"http:\/\/www.siberien.ch\/sib\/?page_id=139"},"modified":"2015-11-28T22:23:52","modified_gmt":"2015-11-28T21:23:52","slug":"resultats-expositions-2015","status":"publish","type":"page","link":"https:\/\/sib.tribufufu.net\/index.php\/expositions-2\/resultats-expositions-2015\/","title":{"rendered":"R\u00e9sultats Expositions 2015"},"content":{"rendered":"<p>R\u00e9sultats de nos chats pour 2015<\/p>\n<h3>Gen\u00e8ve \/ CH \/ 21-22 Novembre<\/h3>\n<table style=\"border: 0px solid black;\">\n<tbody>\n<tr>\n<td width=\"100px\"><a href=\"http:\/\/www.siberien.ch\/sib\/wp-content\/uploads\/2015\/09\/Geneve-2015.jpg\" data-rel=\"lightbox-image-0\" data-rl_title=\"\" data-rl_caption=\"\" title=\"\"><img loading=\"lazy\" class=\"alignnone wp-image-102\" src=\"http:\/\/www.siberien.ch\/sib\/wp-content\/uploads\/2015\/09\/Geneve-2015-239x300.jpg\" alt=\"Geneve 2015\" width=\"120\" height=\"151\" srcset=\"https:\/\/sib.tribufufu.net\/wp-content\/uploads\/2015\/09\/Geneve-2015-239x300.jpg 239w, https:\/\/sib.tribufufu.net\/wp-content\/uploads\/2015\/09\/Geneve-2015.jpg 275w\" sizes=\"(max-width: 120px) 100vw, 120px\" \/><\/a><\/td>\n<td>\n<ul>\n<li>Max\u00a0\u00a0\u00a0\u00a0 2 x CAGCE + 1x BIV\u00a0 + 1x Nomin\u00e9 BIS<\/li>\n<li>Misty\u00a0\u00a0 1 x CAGCE + 1x Honneur + 2 x Nomin\u00e9 BIS<\/li>\n<\/ul>\n<p>Max et Misty ont \u00e9t\u00e9 9i\u00e8me sur 35 couples pour la sp\u00e9ciale Parents-Enfants<\/td>\n<\/tr>\n<\/tbody>\n<\/table>\n<h3>Stuttgart \/ DE \/ 14-15 Novembre<\/h3>\n<table style=\"border: 0px solid black;\">\n<tbody>\n<tr>\n<td width=\"100px\">\u00a0<a href=\"http:\/\/www.siberien.ch\/sib\/wp-content\/uploads\/2015\/09\/Stuttgart-2015.jpg\" data-rel=\"lightbox-image-1\" data-rl_title=\"\" data-rl_caption=\"\" title=\"\"><img loading=\"lazy\" class=\"alignnone wp-image-175\" src=\"http:\/\/www.siberien.ch\/sib\/wp-content\/uploads\/2015\/09\/Stuttgart-2015-217x300.jpg\" alt=\"Stuttgart 2015\" width=\"138\" height=\"191\" srcset=\"https:\/\/sib.tribufufu.net\/wp-content\/uploads\/2015\/09\/Stuttgart-2015-217x300.jpg 217w, https:\/\/sib.tribufufu.net\/wp-content\/uploads\/2015\/09\/Stuttgart-2015.jpg 521w\" sizes=\"(max-width: 138px) 100vw, 138px\" \/><\/a><\/td>\n<td>\n<ul>\n<li>Max\u00a0\u00a0\u00a0 2x CAGCE<\/li>\n<li>Misty\u00a0 1x CAGCE + 1x Honneur + 1x Nomin\u00e9 BIS<\/li>\n<\/ul>\n<\/td>\n<\/tr>\n<\/tbody>\n<\/table>\n<p>&nbsp;<\/p>\n<h3>Busto Arsizio \/ IT \/ 30 Octobre &#8211; 1er Novembre<\/h3>\n<table style=\"border: 0px solid black;\">\n<tbody>\n<tr>\n<td width=\"100px\">\u00a0<a href=\"http:\/\/www.siberien.ch\/sib\/wp-content\/uploads\/2015\/09\/Bustu-Arsizio-2015.jpg\" data-rel=\"lightbox-image-2\" data-rl_title=\"\" data-rl_caption=\"\" title=\"\"><img loading=\"lazy\" class=\"alignnone wp-image-170\" src=\"http:\/\/www.siberien.ch\/sib\/wp-content\/uploads\/2015\/09\/Bustu-Arsizio-2015-203x300.jpg\" alt=\"Bustu Arsizio 2015\" width=\"136\" height=\"201\" srcset=\"https:\/\/sib.tribufufu.net\/wp-content\/uploads\/2015\/09\/Bustu-Arsizio-2015-203x300.jpg 203w, https:\/\/sib.tribufufu.net\/wp-content\/uploads\/2015\/09\/Bustu-Arsizio-2015.jpg 239w\" sizes=\"(max-width: 136px) 100vw, 136px\" \/><\/a><\/td>\n<td>\n<ul>\n<li>Max\u00a0\u00a0\u00a0 2 x CAGCE + Prix Sp\u00e9cial + 1x Nomin\u00e9 BIS et obtient son 5i\u00e8me titre de rand Champion d&rsquo;Europe<\/li>\n<li>Hope\u00a0 2 x CAGCE + 1x Nomin\u00e9 BIS, et obtient son 3i\u00e8me titre de Grande Championne d&rsquo;Europe<\/li>\n<\/ul>\n<\/td>\n<\/tr>\n<\/tbody>\n<\/table>\n<h3>Aubi\u00e8re \/ FR \/ 17-18 Octobre<\/h3>\n<table style=\"border: 0px solid black;\">\n<tbody>\n<tr>\n<td width=\"100px\"><img loading=\"lazy\" class=\"\" src=\"http:\/\/moonlightshadow.ch\/dp6\/sites\/moonlightshadow.ch\/files\/AUBIERE Mondial 2015.jpg\" alt=\"\" width=\"124\" height=\"175\" align=\"top\" \/><\/td>\n<td>\n<ul>\n<li>Max\u00a0\u00a0 1 x CAGCE + Exc 1er Honneur + Prix Sp\u00e9cial + 2x Nomin\u00e9 BIS<\/li>\n<li>Hope 2 x CAGCE + Nomin\u00e9 BIS + 3i\u00e8me \/ 34 Ring Adultes<\/li>\n<\/ul>\n<\/td>\n<\/tr>\n<\/tbody>\n<\/table>\n<h3>Couvet \/ CH \/ 26-27 Septembre<\/h3>\n<table style=\"border: 0px solid black;\">\n<tbody>\n<tr>\n<td width=\"100px\"><a href=\"http:\/\/www.siberien.ch\/sib\/wp-content\/uploads\/2015\/09\/Couvet-2015.jpg\" data-rel=\"lightbox-image-3\" data-rl_title=\"\" data-rl_caption=\"\" title=\"\"><img loading=\"lazy\" class=\"alignnone wp-image-89\" src=\"http:\/\/www.siberien.ch\/sib\/wp-content\/uploads\/2015\/09\/Couvet-2015-212x300.jpg\" alt=\"Couvet 2015\" width=\"125\" height=\"177\" srcset=\"https:\/\/sib.tribufufu.net\/wp-content\/uploads\/2015\/09\/Couvet-2015-212x300.jpg 212w, https:\/\/sib.tribufufu.net\/wp-content\/uploads\/2015\/09\/Couvet-2015-724x1024.jpg 724w, https:\/\/sib.tribufufu.net\/wp-content\/uploads\/2015\/09\/Couvet-2015.jpg 848w\" sizes=\"(max-width: 125px) 100vw, 125px\" \/><\/a><\/td>\n<td>\n<ul>\n<li>Max\u00a0\u00a0 \u00a0 \u00a0\u00a0 2 x CAGCE<\/li>\n<li>Itchibi\u00a0\u00a0\u00a0 1x CAC + 1x CACIB, obtient son titre de Championne<\/li>\n<\/ul>\n<\/td>\n<\/tr>\n<\/tbody>\n<\/table>\n<h3>Besan\u00e7on \/ FR \/ 19-20 Septembre<\/h3>\n<table style=\"border: 0px solid black;\">\n<tbody>\n<tr>\n<td width=\"100px\"><a href=\"http:\/\/www.siberien.ch\/sib\/wp-content\/uploads\/2015\/09\/Besan\u00e7on-2015.jpg\" data-rel=\"lightbox-image-4\" data-rl_title=\"\" data-rl_caption=\"\" title=\"\"><img loading=\"lazy\" class=\"alignnone wp-image-88\" src=\"http:\/\/www.siberien.ch\/sib\/wp-content\/uploads\/2015\/09\/Besan\u00e7on-2015-300x132.jpg\" alt=\"Besan\u00e7on 2015\" width=\"245\" height=\"108\" srcset=\"https:\/\/sib.tribufufu.net\/wp-content\/uploads\/2015\/09\/Besan\u00e7on-2015-300x132.jpg 300w, https:\/\/sib.tribufufu.net\/wp-content\/uploads\/2015\/09\/Besan\u00e7on-2015.jpg 650w\" sizes=\"(max-width: 245px) 100vw, 245px\" \/><\/a><\/td>\n<td>\n<ul>\n<li>Max\u00a0\u00a0 2 x CAGCE<\/li>\n<li>Hope 2 x CAGCE<\/li>\n<\/ul>\n<\/td>\n<\/tr>\n<\/tbody>\n<\/table>\n<h3>Mannheim \/ DE \/ 5-6 Septembre<\/h3>\n<table style=\"border: 0px solid black;\">\n<tbody>\n<tr>\n<td width=\"100px\"><a href=\"http:\/\/www.siberien.ch\/sib\/wp-content\/uploads\/2015\/09\/Mannheim-2015.jpg\" data-rel=\"lightbox-image-5\" data-rl_title=\"\" data-rl_caption=\"\" title=\"\"><img loading=\"lazy\" class=\"alignnone wp-image-146\" src=\"http:\/\/www.siberien.ch\/sib\/wp-content\/uploads\/2015\/09\/Mannheim-2015-212x300.jpg\" alt=\"Mannheim 2015\" width=\"126\" height=\"178\" srcset=\"https:\/\/sib.tribufufu.net\/wp-content\/uploads\/2015\/09\/Mannheim-2015-212x300.jpg 212w, https:\/\/sib.tribufufu.net\/wp-content\/uploads\/2015\/09\/Mannheim-2015.jpg 679w\" sizes=\"(max-width: 126px) 100vw, 126px\" \/><\/a><\/td>\n<td>\n<ul>\n<li>Max\u00a0\u00a0\u00a0 2 x CAGCE + Prix Sp\u00e9cial + Best Vari\u00e9t\u00e9 + Nomin\u00e9 BIS<\/li>\n<\/ul>\n<\/td>\n<\/tr>\n<\/tbody>\n<\/table>\n<h3>\u00a0Viernheim \/ DE \/ 20-21 Juin<\/h3>\n<table style=\"border: 0px solid black;\" width=\"639\">\n<tbody>\n<tr>\n<td width=\"100px\"><a href=\"http:\/\/www.siberien.ch\/sib\/wp-content\/uploads\/2015\/09\/Viernheim-2015.jpg\" data-rel=\"lightbox-image-6\" data-rl_title=\"\" data-rl_caption=\"\" title=\"\"><img loading=\"lazy\" class=\"alignnone wp-image-105\" src=\"http:\/\/www.siberien.ch\/sib\/wp-content\/uploads\/2015\/09\/Viernheim-2015-210x300.jpg\" alt=\"Viernheim 2015\" width=\"130\" height=\"186\" srcset=\"https:\/\/sib.tribufufu.net\/wp-content\/uploads\/2015\/09\/Viernheim-2015-210x300.jpg 210w, https:\/\/sib.tribufufu.net\/wp-content\/uploads\/2015\/09\/Viernheim-2015.jpg 671w\" sizes=\"(max-width: 130px) 100vw, 130px\" \/><\/a><\/td>\n<td>\n<ul>\n<li>Max 2 x Exc 1er Honneur<\/li>\n<li>Itchibi 2 x CAC<\/li>\n<\/ul>\n<\/td>\n<\/tr>\n<\/tbody>\n<\/table>\n<h3>Arlon \/ BE \/ 18-19 Avril<\/h3>\n<table style=\"border: 0px solid black;\">\n<tbody>\n<tr>\n<td width=\"100px\"><a href=\"http:\/\/www.siberien.ch\/sib\/wp-content\/uploads\/2015\/09\/Arlon-2015.jpg\" data-rel=\"lightbox-image-7\" data-rl_title=\"\" data-rl_caption=\"\" title=\"\"><img loading=\"lazy\" class=\"alignnone wp-image-85\" src=\"http:\/\/www.siberien.ch\/sib\/wp-content\/uploads\/2015\/09\/Arlon-2015.jpg\" alt=\"Arlon 2015\" width=\"132\" height=\"187\" \/><\/a><\/td>\n<td>\n<ul>\n<li>Misty 1 x CAGCE + Exc 1er Honneur + Prix Sp\u00e9cial + Nomin\u00e9 BIS<\/li>\n<li>Max 2 x CAGCE + Prix Special + Nomin\u00e9 BIS<\/li>\n<li>Hope 2 x CACM<\/li>\n<li>Itchibi 2 x Exc 1er Chaton + Prix Sp\u00e9cial + Nomin\u00e9 BIS<\/li>\n<\/ul>\n<\/td>\n<\/tr>\n<\/tbody>\n<\/table>\n<h3>Granges \/ CH \/ 21-22 Mars<\/h3>\n<table style=\"border: 0px solid black;\">\n<tbody>\n<tr>\n<td width=\"100px\"><a href=\"http:\/\/www.siberien.ch\/sib\/wp-content\/uploads\/2015\/09\/Expo-Granges-2015.jpg\" data-rel=\"lightbox-image-8\" data-rl_title=\"\" data-rl_caption=\"\" title=\"\"><img loading=\"lazy\" class=\"alignnone wp-image-96\" src=\"http:\/\/www.siberien.ch\/sib\/wp-content\/uploads\/2015\/09\/Expo-Granges-2015-220x300.jpg\" alt=\"Expo Granges 2015\" width=\"139\" height=\"190\" srcset=\"https:\/\/sib.tribufufu.net\/wp-content\/uploads\/2015\/09\/Expo-Granges-2015-220x300.jpg 220w, https:\/\/sib.tribufufu.net\/wp-content\/uploads\/2015\/09\/Expo-Granges-2015.jpg 630w\" sizes=\"(max-width: 139px) 100vw, 139px\" \/><\/a><\/td>\n<td>\n<ul>\n<li>Max 2 x CAGCE + 10e\/56 Sp\u00e9ciale Yeux Bleus<\/li>\n<li>Hope 2 x CAGCE<\/li>\n<li>Itchibi 2 x Exc 1er Chaton + Nomin\u00e9 BIS<\/li>\n<\/ul>\n<\/td>\n<\/tr>\n<\/tbody>\n<\/table>\n<h3>Lingenfeld \/ DE \/ 21-22 F\u00e9vrier<\/h3>\n<table style=\"border: 0px solid black;\">\n<tbody>\n<tr>\n<td width=\"100px\"><a href=\"http:\/\/www.siberien.ch\/sib\/wp-content\/uploads\/2015\/09\/Expo-Lingenfeld-2015.jpg\" data-rel=\"lightbox-image-9\" data-rl_title=\"\" data-rl_caption=\"\" title=\"\"><img loading=\"lazy\" class=\"alignnone wp-image-97\" src=\"http:\/\/www.siberien.ch\/sib\/wp-content\/uploads\/2015\/09\/Expo-Lingenfeld-2015-212x300.jpg\" alt=\"Expo Lingenfeld 2015\" width=\"143\" height=\"202\" srcset=\"https:\/\/sib.tribufufu.net\/wp-content\/uploads\/2015\/09\/Expo-Lingenfeld-2015-212x300.jpg 212w, https:\/\/sib.tribufufu.net\/wp-content\/uploads\/2015\/09\/Expo-Lingenfeld-2015.jpg 279w\" sizes=\"(max-width: 143px) 100vw, 143px\" \/><\/a><\/td>\n<td>\n<ul>\n<li>Max 2 x CAGCE<\/li>\n<li>Hope 2 x CAGCE<\/li>\n<li>Itchibi 2 x Exc 1er Chaton + Nomin\u00e9 BIS<\/li>\n<\/ul>\n<\/td>\n<\/tr>\n<\/tbody>\n<\/table>\n<h3>Colmar \/ FR \/ 8 F\u00e9vrier<\/h3>\n<table style=\"border: 0px solid black;\">\n<tbody>\n<tr>\n<td width=\"100px\"><\/td>\n<td>\n<ul>\n<li>Max 1 x CAGCE + Prix Sp\u00e9cial + Nomin\u00e9 BIS<\/li>\n<li>Itchibi 1 x Exc 1er Chaton<\/li>\n<\/ul>\n<\/td>\n<\/tr>\n<\/tbody>\n<\/table>\n","protected":false},"excerpt":{"rendered":"<p>R\u00e9sultats de nos chats pour 2015 Gen\u00e8ve \/ CH \/ 21-22 Novembre Max\u00a0\u00a0\u00a0\u00a0 2 x CAGCE + 1x BIV\u00a0 + 1x Nomin\u00e9 BIS Misty\u00a0\u00a0 1 x CAGCE + 1x Honneur + 2 x Nomin\u00e9 BIS Max et Misty ont \u00e9t\u00e9 &hellip; <a href=\"https:\/\/sib.tribufufu.net\/index.php\/expositions-2\/resultats-expositions-2015\/\">Continue la lecture <span class=\"meta-nav\">&rarr;<\/span><\/a><\/p>\n","protected":false},"author":1,"featured_media":0,"parent":56,"menu_order":98,"comment_status":"closed","ping_status":"closed","template":"page-templates\/child-menu.php","meta":[],"_links":{"self":[{"href":"https:\/\/sib.tribufufu.net\/index.php\/wp-json\/wp\/v2\/pages\/139"}],"collection":[{"href":"https:\/\/sib.tribufufu.net\/index.php\/wp-json\/wp\/v2\/pages"}],"about":[{"href":"https:\/\/sib.tribufufu.net\/index.php\/wp-json\/wp\/v2\/types\/page"}],"author":[{"embeddable":true,"href":"https:\/\/sib.tribufufu.net\/index.php\/wp-json\/wp\/v2\/users\/1"}],"replies":[{"embeddable":true,"href":"https:\/\/sib.tribufufu.net\/index.php\/wp-json\/wp\/v2\/comments?post=139"}],"version-history":[{"count":8,"href":"https:\/\/sib.tribufufu.net\/index.php\/wp-json\/wp\/v2\/pages\/139\/revisions"}],"predecessor-version":[{"id":360,"href":"https:\/\/sib.tribufufu.net\/index.php\/wp-json\/wp\/v2\/pages\/139\/revisions\/360"}],"up":[{"embeddable":true,"href":"https:\/\/sib.tribufufu.net\/index.php\/wp-json\/wp\/v2\/pages\/56"}],"wp:attachment":[{"href":"https:\/\/sib.tribufufu.net\/index.php\/wp-json\/wp\/v2\/media?parent=139"}],"curies":[{"name":"wp","href":"https:\/\/api.w.org\/{rel}","templated":true}]}}